{"id":5,"date":"2017-09-01T16:39:14","date_gmt":"2017-09-01T16:39:14","guid":{"rendered":"http:\/\/cv.paulofigueiredo.net\/contact-us\/"},"modified":"2017-10-09T16:58:02","modified_gmt":"2017-10-09T16:58:02","slug":"contacts","status":"publish","type":"page","link":"https:\/\/cv.paulofigueiredo.net\/pt\/contacts\/","title":{"rendered":"Contactos"},"content":{"rendered":"<p>Ol\u00e1!<br \/>\nEsteja \u00e0 vontade para entrar em contacto atrav\u00e9s do formul\u00e1rio abaixo, para processos de contrata\u00e7\u00e3o.<br \/>\nResponderei o mais breve poss\u00edvel.<\/p>\n<p><strong>Guimar\u00e3es<\/strong>, Portugal<\/p>\n<p><p class=\"wpcf7-contact-form-not-found\"><strong>Erro:<\/strong> Formul\u00e1rio de contacto n\u00e3o encontrado.<\/p><\/p>","protected":false},"excerpt":{"rendered":"<p>Ol\u00e1! Esteja \u00e0 vontade para entrar em contacto atrav\u00e9s do formul\u00e1rio abaixo, para processos de contrata\u00e7\u00e3o. Responderei o mais breve poss\u00edvel. Guimar\u00e3es, Portugal<\/p>\n","protected":false},"author":1,"featured_media":0,"parent":0,"menu_order":0,"comment_status":"closed","ping_status":"closed","template":"","meta":{"footnotes":""},"class_list":["post-5","page","type-page","status-publish","hentry"],"_links":{"self":[{"href":"https:\/\/cv.paulofigueiredo.net\/pt\/wp-json\/wp\/v2\/pages\/5","targetHints":{"allow":["GET"]}}],"collection":[{"href":"https:\/\/cv.paulofigueiredo.net\/pt\/wp-json\/wp\/v2\/pages"}],"about":[{"href":"https:\/\/cv.paulofigueiredo.net\/pt\/wp-json\/wp\/v2\/types\/page"}],"author":[{"embeddable":true,"href":"https:\/\/cv.paulofigueiredo.net\/pt\/wp-json\/wp\/v2\/users\/1"}],"replies":[{"embeddable":true,"href":"https:\/\/cv.paulofigueiredo.net\/pt\/wp-json\/wp\/v2\/comments?post=5"}],"version-history":[{"count":4,"href":"https:\/\/cv.paulofigueiredo.net\/pt\/wp-json\/wp\/v2\/pages\/5\/revisions"}],"predecessor-version":[{"id":139,"href":"https:\/\/cv.paulofigueiredo.net\/pt\/wp-json\/wp\/v2\/pages\/5\/revisions\/139"}],"wp:attachment":[{"href":"https:\/\/cv.paulofigueiredo.net\/pt\/wp-json\/wp\/v2\/media?parent=5"}],"curies":[{"name":"wp","href":"https:\/\/api.w.org\/{rel}","templated":true}]}}